{"id":19,"date":"2024-11-20T09:24:16","date_gmt":"2024-11-20T09:24:16","guid":{"rendered":"https:\/\/manyetiktablafiyatlari.com\/?page_id=19"},"modified":"2025-01-16T10:55:02","modified_gmt":"2025-01-16T10:55:02","slug":"anasayfa","status":"publish","type":"page","link":"https:\/\/manyetiktablafiyatlari.com\/","title":{"rendered":"Anasayfa"},"content":{"rendered":"\t\t<div data-elementor-type=\"wp-page\" data-elementor-id=\"19\" class=\"elementor elementor-19\" data-elementor-post-type=\"page\">\n\t\t\t\t<div class=\"elementor-element elementor-element-47c6f9ba e-flex e-con-boxed e-con e-parent\" data-id=\"47c6f9ba\" data-element_type=\"container\" id=\"anasayfa\" data-settings=\"{&quot;background_background&quot;:&quot;classic&quot;}\">\n\t\t\t\t\t<div class=\"e-con-inner\">\n\t\t<div class=\"elementor-element elementor-element-307f2024 e-con-full e-flex e-con e-child\" data-id=\"307f2024\" data-element_type=\"container\">\n\t\t<div class=\"elementor-element elementor-element-2922f1bd e-con-full e-flex e-con e-child\" data-id=\"2922f1bd\" data-element_type=\"container\">\n\t\t\t\t<div class=\"elementor-element elementor-element-7a54b18e elementor-widget elementor-widget-heading\" data-id=\"7a54b18e\" data-element_type=\"widget\" data-widget_type=\"heading.default\">\n\t\t\t\t<div class=\"elementor-widget-container\">\n\t\t\t\t\t<h1 class=\"elementor-heading-title elementor-size-default\">Manyetik Tabla<\/h1>\t\t\t\t<\/div>\n\t\t\t\t<\/div>\n\t\t\t\t<div class=\"elementor-element elementor-element-34fa0ea0 elementor-widget elementor-widget-text-editor\" data-id=\"34fa0ea0\" data-element_type=\"widget\" data-widget_type=\"text-editor.default\">\n\t\t\t\t<div class=\"elementor-widget-container\">\n\t\t\t\t\t\t\t\t\t<p>2013 y\u0131l\u0131nda kurulmu\u015f olan Linear Motor Systems, alan\u0131nda uzman m\u00fchendis kadrosu ve sundu\u011fu ileri teknoloji \u00fcr\u00fcnlerle m\u00fc\u015fterilerine g\u00fcvenilir \u00e7\u00f6z\u00fcmler ve kesintisiz teknik destek sa\u011flamaktad\u0131r. 2016 y\u0131l\u0131ndan itibaren ise manyetik h\u0131zl\u0131 kal\u0131p ve par\u00e7a de\u011fi\u015ftirme sistemlerinin \u00fcretimini ger\u00e7ekle\u015ftirmekte olup, teknik servis ve destek hizmetleriyle de fark yaratmaktad\u0131r.<\/p>\t\t\t\t\t\t\t\t<\/div>\n\t\t\t\t<\/div>\n\t\t\t\t<\/div>\n\t\t<div class=\"elementor-element elementor-element-4677e7ab e-con-full e-flex e-con e-child\" data-id=\"4677e7ab\" data-element_type=\"container\">\n\t\t\t\t<div class=\"elementor-element elementor-element-75442e37 elementor-widget-divider--view-line elementor-widget elementor-widget-divider\" data-id=\"75442e37\" data-element_type=\"widget\" data-widget_type=\"divider.default\">\n\t\t\t\t<div class=\"elementor-widget-container\">\n\t\t\t\t\t\t\t<div class=\"elementor-divider\">\n\t\t\t<span class=\"elementor-divider-separator\">\n\t\t\t\t\t\t<\/span>\n\t\t<\/div>\n\t\t\t\t\t\t<\/div>\n\t\t\t\t<\/div>\n\t\t\t\t<\/div>\n\t\t\t\t<\/div>\n\t\t\t\t\t<\/div>\n\t\t\t\t<\/div>\n\t\t<div class=\"elementor-element elementor-element-39dea31b e-flex e-con-boxed e-con e-parent\" data-id=\"39dea31b\" data-element_type=\"container\" id=\"hakkimizda\" data-settings=\"{&quot;background_background&quot;:&quot;gradient&quot;}\">\n\t\t\t\t\t<div class=\"e-con-inner\">\n\t\t<div class=\"elementor-element elementor-element-6335d32c e-con-full e-flex e-con e-child\" data-id=\"6335d32c\" data-element_type=\"container\">\n\t\t<div class=\"elementor-element elementor-element-36104be6 e-con-full e-flex e-con e-child\" data-id=\"36104be6\" data-element_type=\"container\">\n\t\t\t\t<div class=\"elementor-element elementor-element-214f62c9 elementor-widget elementor-widget-image\" data-id=\"214f62c9\" data-element_type=\"widget\" data-widget_type=\"image.default\">\n\t\t\t\t<div class=\"elementor-widget-container\">\n\t\t\t\t\t\t\t\t\t\t\t\t\t\t\t<img fetchpriority=\"high\" decoding=\"async\" width=\"356\" height=\"507\" src=\"https:\/\/manyetiktablafiyatlari.com\/wp-content\/uploads\/2024\/12\/lmsystemsmanyetiktablabrosur.png\" class=\"attachment-full size-full wp-image-342\" alt=\"\" srcset=\"https:\/\/manyetiktablafiyatlari.com\/wp-content\/uploads\/2024\/12\/lmsystemsmanyetiktablabrosur.png 356w, https:\/\/manyetiktablafiyatlari.com\/wp-content\/uploads\/2024\/12\/lmsystemsmanyetiktablabrosur-211x300.png 211w\" sizes=\"(max-width: 356px) 100vw, 356px\" \/>\t\t\t\t\t\t\t\t\t\t\t\t\t\t\t<\/div>\n\t\t\t\t<\/div>\n\t\t\t\t<\/div>\n\t\t\t\t<\/div>\n\t\t<div class=\"elementor-element elementor-element-22452c93 e-con-full e-flex e-con e-child\" data-id=\"22452c93\" data-element_type=\"container\">\n\t\t\t\t<div class=\"elementor-element elementor-element-22155dfa elementor-widget elementor-widget-heading\" data-id=\"22155dfa\" data-element_type=\"widget\" data-widget_type=\"heading.default\">\n\t\t\t\t<div class=\"elementor-widget-container\">\n\t\t\t\t\t<h6 class=\"elementor-heading-title elementor-size-default\">Hakk\u0131m\u0131zda<\/h6>\t\t\t\t<\/div>\n\t\t\t\t<\/div>\n\t\t\t\t<div class=\"elementor-element elementor-element-64ac44eb elementor-widget elementor-widget-text-editor\" data-id=\"64ac44eb\" data-element_type=\"widget\" data-widget_type=\"text-editor.default\">\n\t\t\t\t<div class=\"elementor-widget-container\">\n\t\t\t\t\t\t\t\t\t<p>LM Systems olarak, <strong>lineer motor sistemleri<\/strong> alan\u0131nda LM System markas\u0131 alt\u0131nda yenilik\u00e7i \u00e7\u00f6z\u00fcmler sunuyoruz. Manyetik h\u0131zl\u0131 kal\u0131p de\u011fi\u015ftirme, manyetik tabla de\u011fi\u015fimi, par\u00e7a ta\u015f\u0131ma ve m\u00fc\u015fteri odakl\u0131 \u00f6zel projelerle i\u015fletmenizin ihtiya\u00e7lar\u0131na uygun hizmet sa\u011fl\u0131yoruz.<\/p><p>\u00dcr\u00fcn portf\u00f6y\u00fcm\u00fczde <strong>lineer motorlar<\/strong>, hareket kontrol kartlar\u0131, servo s\u00fcr\u00fcc\u00fcler, lineer encoder&#8217;lar ve manyetik h\u0131zl\u0131 kal\u0131p de\u011fi\u015ftiriciler yer almakta olup, bu \u00fcr\u00fcnlerin do\u011fru teknik se\u00e7iminden tedarikine ve devreye al\u0131m s\u00fcrecine kadar t\u00fcm a\u015famalarda destek veriyoruz. Uzman ekibimizle s\u00fcre\u00e7lerinizi optimize etmek ve verimlili\u011finizi art\u0131rmak i\u00e7in yan\u0131n\u0131zday\u0131z.<\/p>\t\t\t\t\t\t\t\t<\/div>\n\t\t\t\t<\/div>\n\t\t\t\t<\/div>\n\t\t\t\t\t<\/div>\n\t\t\t\t<\/div>\n\t\t<div class=\"elementor-element elementor-element-157e4e6d e-flex e-con-boxed e-con e-parent\" data-id=\"157e4e6d\" data-element_type=\"container\" id=\"urunlerimiz\" data-settings=\"{&quot;background_background&quot;:&quot;classic&quot;}\">\n\t\t\t\t\t<div class=\"e-con-inner\">\n\t\t<div class=\"elementor-element elementor-element-42c67dd1 e-con-full e-flex e-con e-child\" data-id=\"42c67dd1\" data-element_type=\"container\">\n\t\t<div class=\"elementor-element elementor-element-10fef5d4 e-con-full e-flex e-con e-child\" data-id=\"10fef5d4\" data-element_type=\"container\">\n\t\t\t\t<div class=\"elementor-element elementor-element-1799c4fe elementor-widget elementor-widget-heading\" data-id=\"1799c4fe\" data-element_type=\"widget\" data-widget_type=\"heading.default\">\n\t\t\t\t<div class=\"elementor-widget-container\">\n\t\t\t\t\t<h6 class=\"elementor-heading-title elementor-size-default\">\u00dcr\u00fcnlerimiz<\/h6>\t\t\t\t<\/div>\n\t\t\t\t<\/div>\n\t\t\t\t<div class=\"elementor-element elementor-element-205ad915 elementor-widget elementor-widget-heading\" data-id=\"205ad915\" data-element_type=\"widget\" data-widget_type=\"heading.default\">\n\t\t\t\t<div class=\"elementor-widget-container\">\n\t\t\t\t\t<h4 class=\"elementor-heading-title elementor-size-default\">Verimli \u00dcretim, Y\u00fcksek Performans<\/h4>\t\t\t\t<\/div>\n\t\t\t\t<\/div>\n\t\t\t\t<\/div>\n\t\t<div class=\"elementor-element elementor-element-c9846d e-flex e-con-boxed e-con e-child\" data-id=\"c9846d\" data-element_type=\"container\">\n\t\t\t\t\t<div class=\"e-con-inner\">\n\t\t\t\t<div class=\"elementor-element elementor-element-1ff5ef88 elementor-widget elementor-widget-text-editor\" data-id=\"1ff5ef88\" data-element_type=\"widget\" data-widget_type=\"text-editor.default\">\n\t\t\t\t<div class=\"elementor-widget-container\">\n\t\t\t\t\t\t\t\t\t<p>Linear Motor Systems olarak, y\u00fcksek teknolojili \u00fcr\u00fcnlerimizle manyetik h\u0131zl\u0131 kal\u0131p ve manyetik tabla sistemlerinin imalat\u0131n\u0131 ger\u00e7ekle\u015ftiriyor, teknik servis ve destek hizmetlerimizle m\u00fc\u015fterilerimize \u00e7\u00f6z\u00fcm odakl\u0131 yakla\u015f\u0131mlar sunuyoruz.<\/p>\t\t\t\t\t\t\t\t<\/div>\n\t\t\t\t<\/div>\n\t\t\t\t\t<\/div>\n\t\t\t\t<\/div>\n\t\t\t\t<\/div>\n\t\t<div class=\"elementor-element elementor-element-351b9db0 e-con-full e-flex e-con e-child\" data-id=\"351b9db0\" data-element_type=\"container\">\n\t\t<div class=\"elementor-element elementor-element-3b9cae6b e-con-full e-flex e-con e-child\" data-id=\"3b9cae6b\" data-element_type=\"container\" data-settings=\"{&quot;background_background&quot;:&quot;classic&quot;}\">\n\t\t<div class=\"elementor-element elementor-element-2de4c36f e-con-full e-flex e-con e-child\" data-id=\"2de4c36f\" data-element_type=\"container\" data-settings=\"{&quot;background_background&quot;:&quot;classic&quot;}\">\n\t\t\t\t<div class=\"elementor-element elementor-element-1ef50d1 elementor-widget elementor-widget-image\" data-id=\"1ef50d1\" data-element_type=\"widget\" data-widget_type=\"image.default\">\n\t\t\t\t<div class=\"elementor-widget-container\">\n\t\t\t\t\t\t\t\t\t\t\t\t\t\t\t<img decoding=\"async\" width=\"640\" height=\"426\" src=\"https:\/\/manyetiktablafiyatlari.com\/wp-content\/uploads\/2025\/01\/f7741ed5d5e24515a2b3925036043471R1AovQy6wLFK39Ky-0-1024x681.png\" class=\"attachment-large size-large wp-image-388\" alt=\"\" srcset=\"https:\/\/manyetiktablafiyatlari.com\/wp-content\/uploads\/2025\/01\/f7741ed5d5e24515a2b3925036043471R1AovQy6wLFK39Ky-0-1024x681.png 1024w, https:\/\/manyetiktablafiyatlari.com\/wp-content\/uploads\/2025\/01\/f7741ed5d5e24515a2b3925036043471R1AovQy6wLFK39Ky-0-300x200.png 300w, https:\/\/manyetiktablafiyatlari.com\/wp-content\/uploads\/2025\/01\/f7741ed5d5e24515a2b3925036043471R1AovQy6wLFK39Ky-0-768x511.png 768w, https:\/\/manyetiktablafiyatlari.com\/wp-content\/uploads\/2025\/01\/f7741ed5d5e24515a2b3925036043471R1AovQy6wLFK39Ky-0-1536x1022.png 1536w, https:\/\/manyetiktablafiyatlari.com\/wp-content\/uploads\/2025\/01\/f7741ed5d5e24515a2b3925036043471R1AovQy6wLFK39Ky-0-2048x1363.png 2048w, https:\/\/manyetiktablafiyatlari.com\/wp-content\/uploads\/2025\/01\/f7741ed5d5e24515a2b3925036043471R1AovQy6wLFK39Ky-0-1568x1043.png 1568w\" sizes=\"(max-width: 640px) 100vw, 640px\" \/>\t\t\t\t\t\t\t\t\t\t\t\t\t\t\t<\/div>\n\t\t\t\t<\/div>\n\t\t\t\t<div class=\"elementor-element elementor-element-e7678de elementor-widget elementor-widget-heading\" data-id=\"e7678de\" data-element_type=\"widget\" data-widget_type=\"heading.default\">\n\t\t\t\t<div class=\"elementor-widget-container\">\n\t\t\t\t\t<h5 class=\"elementor-heading-title elementor-size-default\">CNC \u0130\u015fleme Merkezleri \u0130\u00e7in Manyetik Tabla<\/h5>\t\t\t\t<\/div>\n\t\t\t\t<\/div>\n\t\t\t\t<\/div>\n\t\t\t\t<\/div>\n\t\t<div class=\"elementor-element elementor-element-1a43bc01 e-con-full e-flex e-con e-child\" data-id=\"1a43bc01\" data-element_type=\"container\" data-settings=\"{&quot;background_background&quot;:&quot;classic&quot;}\">\n\t\t<div class=\"elementor-element elementor-element-4c008247 e-con-full e-flex e-con e-child\" data-id=\"4c008247\" data-element_type=\"container\" data-settings=\"{&quot;background_background&quot;:&quot;classic&quot;}\">\n\t\t\t\t<div class=\"elementor-element elementor-element-eee1baf elementor-widget elementor-widget-image\" data-id=\"eee1baf\" data-element_type=\"widget\" data-widget_type=\"image.default\">\n\t\t\t\t<div class=\"elementor-widget-container\">\n\t\t\t\t\t\t\t\t\t\t\t\t\t\t\t<img decoding=\"async\" width=\"640\" height=\"428\" src=\"https:\/\/manyetiktablafiyatlari.com\/wp-content\/uploads\/2024\/12\/Kontrol-unitesi-1024x684.jpeg\" class=\"attachment-large size-large wp-image-375\" alt=\"\" srcset=\"https:\/\/manyetiktablafiyatlari.com\/wp-content\/uploads\/2024\/12\/Kontrol-unitesi-1024x684.jpeg 1024w, https:\/\/manyetiktablafiyatlari.com\/wp-content\/uploads\/2024\/12\/Kontrol-unitesi-300x200.jpeg 300w, https:\/\/manyetiktablafiyatlari.com\/wp-content\/uploads\/2024\/12\/Kontrol-unitesi-768x513.jpeg 768w, https:\/\/manyetiktablafiyatlari.com\/wp-content\/uploads\/2024\/12\/Kontrol-unitesi-1536x1025.jpeg 1536w, https:\/\/manyetiktablafiyatlari.com\/wp-content\/uploads\/2024\/12\/Kontrol-unitesi-1568x1047.jpeg 1568w, https:\/\/manyetiktablafiyatlari.com\/wp-content\/uploads\/2024\/12\/Kontrol-unitesi.jpeg 1600w\" sizes=\"(max-width: 640px) 100vw, 640px\" \/>\t\t\t\t\t\t\t\t\t\t\t\t\t\t\t<\/div>\n\t\t\t\t<\/div>\n\t\t\t\t<div class=\"elementor-element elementor-element-781bcdc elementor-widget elementor-widget-heading\" data-id=\"781bcdc\" data-element_type=\"widget\" data-widget_type=\"heading.default\">\n\t\t\t\t<div class=\"elementor-widget-container\">\n\t\t\t\t\t<h5 class=\"elementor-heading-title elementor-size-default\">Kontrol<br> \u00dcnitesi<\/h5>\t\t\t\t<\/div>\n\t\t\t\t<\/div>\n\t\t\t\t<\/div>\n\t\t\t\t<\/div>\n\t\t<div class=\"elementor-element elementor-element-723ac9fe e-con-full e-flex e-con e-child\" data-id=\"723ac9fe\" data-element_type=\"container\" data-settings=\"{&quot;background_background&quot;:&quot;classic&quot;}\">\n\t\t<div class=\"elementor-element elementor-element-6f9402d8 e-con-full e-flex e-con e-child\" data-id=\"6f9402d8\" data-element_type=\"container\" data-settings=\"{&quot;background_background&quot;:&quot;classic&quot;}\">\n\t\t\t\t<div class=\"elementor-element elementor-element-a943119 elementor-widget elementor-widget-image\" data-id=\"a943119\" data-element_type=\"widget\" data-widget_type=\"image.default\">\n\t\t\t\t<div class=\"elementor-widget-container\">\n\t\t\t\t\t\t\t\t\t\t\t\t\t\t\t<img loading=\"lazy\" decoding=\"async\" width=\"640\" height=\"426\" src=\"https:\/\/manyetiktablafiyatlari.com\/wp-content\/uploads\/2025\/01\/ff5ea9c0385c4d35fef7639022ec7bcb9QNS2rk3bjOliGNO-0-1024x681.png\" class=\"attachment-large size-large wp-image-389\" alt=\"\" srcset=\"https:\/\/manyetiktablafiyatlari.com\/wp-content\/uploads\/2025\/01\/ff5ea9c0385c4d35fef7639022ec7bcb9QNS2rk3bjOliGNO-0-1024x681.png 1024w, https:\/\/manyetiktablafiyatlari.com\/wp-content\/uploads\/2025\/01\/ff5ea9c0385c4d35fef7639022ec7bcb9QNS2rk3bjOliGNO-0-300x200.png 300w, https:\/\/manyetiktablafiyatlari.com\/wp-content\/uploads\/2025\/01\/ff5ea9c0385c4d35fef7639022ec7bcb9QNS2rk3bjOliGNO-0-768x511.png 768w, https:\/\/manyetiktablafiyatlari.com\/wp-content\/uploads\/2025\/01\/ff5ea9c0385c4d35fef7639022ec7bcb9QNS2rk3bjOliGNO-0-1536x1022.png 1536w, https:\/\/manyetiktablafiyatlari.com\/wp-content\/uploads\/2025\/01\/ff5ea9c0385c4d35fef7639022ec7bcb9QNS2rk3bjOliGNO-0-2048x1363.png 2048w, https:\/\/manyetiktablafiyatlari.com\/wp-content\/uploads\/2025\/01\/ff5ea9c0385c4d35fef7639022ec7bcb9QNS2rk3bjOliGNO-0-1568x1043.png 1568w\" sizes=\"(max-width: 640px) 100vw, 640px\" \/>\t\t\t\t\t\t\t\t\t\t\t\t\t\t\t<\/div>\n\t\t\t\t<\/div>\n\t\t\t\t<div class=\"elementor-element elementor-element-9b9a17f elementor-widget elementor-widget-heading\" data-id=\"9b9a17f\" data-element_type=\"widget\" data-widget_type=\"heading.default\">\n\t\t\t\t<div class=\"elementor-widget-container\">\n\t\t\t\t\t<h5 class=\"elementor-heading-title elementor-size-default\">Ta\u015flama Manyeti\u011fi, Kollu Manyetik Tablalar<\/h5>\t\t\t\t<\/div>\n\t\t\t\t<\/div>\n\t\t\t\t<\/div>\n\t\t\t\t<\/div>\n\t\t\t\t<\/div>\n\t\t\t\t\t<\/div>\n\t\t\t\t<\/div>\n\t\t<div class=\"elementor-element elementor-element-5fa1e010 e-flex e-con-boxed e-con e-parent\" data-id=\"5fa1e010\" data-element_type=\"container\" id=\"iletisim\">\n\t\t\t\t\t<div class=\"e-con-inner\">\n\t\t<div class=\"elementor-element elementor-element-4748e31d e-con-full e-flex e-con e-child\" data-id=\"4748e31d\" data-element_type=\"container\">\n\t\t\t\t<div class=\"elementor-element elementor-element-4d3ebbfc elementor-widget elementor-widget-heading\" data-id=\"4d3ebbfc\" data-element_type=\"widget\" data-widget_type=\"heading.default\">\n\t\t\t\t<div class=\"elementor-widget-container\">\n\t\t\t\t\t<h6 class=\"elementor-heading-title elementor-size-default\">\u0130leti\u015fim<\/h6>\t\t\t\t<\/div>\n\t\t\t\t<\/div>\n\t\t\t\t<div class=\"elementor-element elementor-element-7acb9bff elementor-widget elementor-widget-heading\" data-id=\"7acb9bff\" data-element_type=\"widget\" data-widget_type=\"heading.default\">\n\t\t\t\t<div class=\"elementor-widget-container\">\n\t\t\t\t\t<h3 class=\"elementor-heading-title elementor-size-default\">Bize Ula\u015f\u0131n<\/h3>\t\t\t\t<\/div>\n\t\t\t\t<\/div>\n\t\t\t\t<div class=\"elementor-element elementor-element-70b032b0 elementor-widget elementor-widget-text-editor\" data-id=\"70b032b0\" data-element_type=\"widget\" data-widget_type=\"text-editor.default\">\n\t\t\t\t<div class=\"elementor-widget-container\">\n\t\t\t\t\t\t\t\t\t<p>Linear Motor Systems olarak ihtiya\u00e7lar\u0131n\u0131za \u00f6zel \u00e7\u00f6z\u00fcmler sunmak i\u00e7in buraday\u0131z. \u00dcr\u00fcnlerimiz, hizmetlerimiz veya teknik destekle ilgili her t\u00fcrl\u00fc sorunuz i\u00e7in bize ula\u015fabilirsiniz. Alan\u0131nda uzman ekibimiz, size en h\u0131zl\u0131 ve etkili \u015fekilde yard\u0131mc\u0131 olmaktan mutluluk duyacakt\u0131r.<\/p>\t\t\t\t\t\t\t\t<\/div>\n\t\t\t\t<\/div>\n\t\t<div class=\"elementor-element elementor-element-163fe8a9 e-flex e-con-boxed e-con e-child\" data-id=\"163fe8a9\" data-element_type=\"container\">\n\t\t\t\t\t<div class=\"e-con-inner\">\n\t\t<div class=\"elementor-element elementor-element-5f8cb5ca e-con-full e-flex e-con e-child\" data-id=\"5f8cb5ca\" data-element_type=\"container\">\n\t\t\t\t<div class=\"elementor-element elementor-element-dc8b8df elementor-view-stacked elementor-shape-square elementor-position-top elementor-mobile-position-top elementor-widget elementor-widget-icon-box\" data-id=\"dc8b8df\" data-element_type=\"widget\" data-widget_type=\"icon-box.default\">\n\t\t\t\t<div class=\"elementor-widget-container\">\n\t\t\t\t\t\t\t<div class=\"elementor-icon-box-wrapper\">\n\n\t\t\t\t\t\t<div class=\"elementor-icon-box-icon\">\n\t\t\t\t<span  class=\"elementor-icon\">\n\t\t\t\t<i aria-hidden=\"true\" class=\"icon icon-map-marker1\"><\/i>\t\t\t\t<\/span>\n\t\t\t<\/div>\n\t\t\t\n\t\t\t\t\t\t<div class=\"elementor-icon-box-content\">\n\n\t\t\t\t\t\t\t\t\t<h4 class=\"elementor-icon-box-title\">\n\t\t\t\t\t\t<span  >\n\t\t\t\t\t\t\tAdres\t\t\t\t\t\t<\/span>\n\t\t\t\t\t<\/h4>\n\t\t\t\t\n\t\t\t\t\t\t\t\t\t<p class=\"elementor-icon-box-description\">\n\t\t\t\t\t\tORU\u00c7RE\u0130S MAHALLES\u0130,G\u0130Y\u0130MKENT 20.SOKAK,NO:86\/A ( 34235 ) ESENLER\/ \u0130STANBUL\t\t\t\t\t<\/p>\n\t\t\t\t\n\t\t\t<\/div>\n\t\t\t\n\t\t<\/div>\n\t\t\t\t\t\t<\/div>\n\t\t\t\t<\/div>\n\t\t\t\t<\/div>\n\t\t<div class=\"elementor-element elementor-element-4fc29077 e-con-full e-flex e-con e-child\" data-id=\"4fc29077\" data-element_type=\"container\">\n\t\t\t\t<div class=\"elementor-element elementor-element-65cbc55a elementor-view-stacked elementor-shape-square elementor-position-top elementor-mobile-position-top elementor-widget elementor-widget-icon-box\" data-id=\"65cbc55a\" data-element_type=\"widget\" data-widget_type=\"icon-box.default\">\n\t\t\t\t<div class=\"elementor-widget-container\">\n\t\t\t\t\t\t\t<div class=\"elementor-icon-box-wrapper\">\n\n\t\t\t\t\t\t<div class=\"elementor-icon-box-icon\">\n\t\t\t\t<span  class=\"elementor-icon\">\n\t\t\t\t<i aria-hidden=\"true\" class=\"icon icon-email1\"><\/i>\t\t\t\t<\/span>\n\t\t\t<\/div>\n\t\t\t\n\t\t\t\t\t\t<div class=\"elementor-icon-box-content\">\n\n\t\t\t\t\t\t\t\t\t<h4 class=\"elementor-icon-box-title\">\n\t\t\t\t\t\t<span  >\n\t\t\t\t\t\t\tEmail\t\t\t\t\t\t<\/span>\n\t\t\t\t\t<\/h4>\n\t\t\t\t\n\t\t\t\t\t\t\t\t\t<p class=\"elementor-icon-box-description\">\n\t\t\t\t\t\tinfo@linearmotor.com.tr\t\t\t\t\t<\/p>\n\t\t\t\t\n\t\t\t<\/div>\n\t\t\t\n\t\t<\/div>\n\t\t\t\t\t\t<\/div>\n\t\t\t\t<\/div>\n\t\t\t\t<\/div>\n\t\t<div class=\"elementor-element elementor-element-228e6f67 e-con-full e-flex e-con e-child\" data-id=\"228e6f67\" data-element_type=\"container\">\n\t\t\t\t<div class=\"elementor-element elementor-element-be3f49d elementor-view-stacked elementor-shape-square elementor-position-top elementor-mobile-position-top elementor-widget elementor-widget-icon-box\" data-id=\"be3f49d\" data-element_type=\"widget\" data-widget_type=\"icon-box.default\">\n\t\t\t\t<div class=\"elementor-widget-container\">\n\t\t\t\t\t\t\t<div class=\"elementor-icon-box-wrapper\">\n\n\t\t\t\t\t\t<div class=\"elementor-icon-box-icon\">\n\t\t\t\t<span  class=\"elementor-icon\">\n\t\t\t\t<i aria-hidden=\"true\" class=\"icon icon-phone1\"><\/i>\t\t\t\t<\/span>\n\t\t\t<\/div>\n\t\t\t\n\t\t\t\t\t\t<div class=\"elementor-icon-box-content\">\n\n\t\t\t\t\t\t\t\t\t<h4 class=\"elementor-icon-box-title\">\n\t\t\t\t\t\t<span  >\n\t\t\t\t\t\t\tTelefon\t\t\t\t\t\t<\/span>\n\t\t\t\t\t<\/h4>\n\t\t\t\t\n\t\t\t\t\t\t\t\t\t<p class=\"elementor-icon-box-description\">\n\t\t\t\t\t\t+90 (212) 438 13 22\t\t\t\t\t<\/p>\n\t\t\t\t\n\t\t\t<\/div>\n\t\t\t\n\t\t<\/div>\n\t\t\t\t\t\t<\/div>\n\t\t\t\t<\/div>\n\t\t\t\t<\/div>\n\t\t\t\t\t<\/div>\n\t\t\t\t<\/div>\n\t\t\t\t<\/div>\n\t\t\t\t<div class=\"elementor-element elementor-element-39b562cd elementor-widget elementor-widget-google_maps\" data-id=\"39b562cd\" data-element_type=\"widget\" data-widget_type=\"google_maps.default\">\n\t\t\t\t<div class=\"elementor-widget-container\">\n\t\t\t\t\t\t\t<div class=\"elementor-custom-embed\">\n\t\t\t<iframe loading=\"lazy\"\n\t\t\t\t\tsrc=\"https:\/\/maps.google.com\/maps?q=ORU%C3%87RE%C4%B0S%20MAHALLES%C4%B0%2CG%C4%B0Y%C4%B0MKENT%2020.SOKAK%2CNO%3A86%2FA%20%28%2034235%20%29&#038;t=m&#038;z=15&#038;output=embed&#038;iwloc=near\"\n\t\t\t\t\ttitle=\"ORU\u00c7RE\u0130S MAHALLES\u0130,G\u0130Y\u0130MKENT 20.SOKAK,NO:86\/A ( 34235 )\"\n\t\t\t\t\taria-label=\"ORU\u00c7RE\u0130S MAHALLES\u0130,G\u0130Y\u0130MKENT 20.SOKAK,NO:86\/A ( 34235 )\"\n\t\t\t><\/iframe>\n\t\t<\/div>\n\t\t\t\t\t\t<\/div>\n\t\t\t\t<\/div>\n\t\t\t\t\t<\/div>\n\t\t\t\t<\/div>\n\t\t<div class=\"elementor-element elementor-element-6f4db07 e-grid e-con-boxed e-con e-parent\" data-id=\"6f4db07\" data-element_type=\"container\">\n\t\t\t\t\t<div class=\"e-con-inner\">\n\t\t\t\t<div class=\"elementor-element elementor-element-9640504 elementor-widget elementor-widget-image\" data-id=\"9640504\" data-element_type=\"widget\" data-widget_type=\"image.default\">\n\t\t\t\t<div class=\"elementor-widget-container\">\n\t\t\t\t\t\t\t\t\t\t\t\t\t\t\t<img loading=\"lazy\" decoding=\"async\" width=\"379\" height=\"542\" src=\"https:\/\/manyetiktablafiyatlari.com\/wp-content\/uploads\/2024\/12\/Ekran-goruntusu-2024-12-12-144507.png\" class=\"attachment-large size-large wp-image-337\" alt=\"\" srcset=\"https:\/\/manyetiktablafiyatlari.com\/wp-content\/uploads\/2024\/12\/Ekran-goruntusu-2024-12-12-144507.png 379w, https:\/\/manyetiktablafiyatlari.com\/wp-content\/uploads\/2024\/12\/Ekran-goruntusu-2024-12-12-144507-210x300.png 210w\" sizes=\"(max-width: 379px) 100vw, 379px\" \/>\t\t\t\t\t\t\t\t\t\t\t\t\t\t\t<\/div>\n\t\t\t\t<\/div>\n\t\t\t\t<div class=\"elementor-element elementor-element-6c309d6 elementor-widget elementor-widget-image\" data-id=\"6c309d6\" data-element_type=\"widget\" data-widget_type=\"image.default\">\n\t\t\t\t<div class=\"elementor-widget-container\">\n\t\t\t\t\t\t\t\t\t\t\t\t\t\t\t<img fetchpriority=\"high\" decoding=\"async\" width=\"356\" height=\"507\" src=\"https:\/\/manyetiktablafiyatlari.com\/wp-content\/uploads\/2024\/12\/lmsystemsmanyetiktablabrosur.png\" class=\"attachment-full size-full wp-image-342\" alt=\"\" srcset=\"https:\/\/manyetiktablafiyatlari.com\/wp-content\/uploads\/2024\/12\/lmsystemsmanyetiktablabrosur.png 356w, https:\/\/manyetiktablafiyatlari.com\/wp-content\/uploads\/2024\/12\/lmsystemsmanyetiktablabrosur-211x300.png 211w\" sizes=\"(max-width: 356px) 100vw, 356px\" \/>\t\t\t\t\t\t\t\t\t\t\t\t\t\t\t<\/div>\n\t\t\t\t<\/div>\n\t\t\t\t<div class=\"elementor-element elementor-element-1923254 elementor-widget elementor-widget-image\" data-id=\"1923254\" data-element_type=\"widget\" data-widget_type=\"image.default\">\n\t\t\t\t<div class=\"elementor-widget-container\">\n\t\t\t\t\t\t\t\t\t\t\t\t\t\t\t<img loading=\"lazy\" decoding=\"async\" width=\"357\" height=\"499\" src=\"https:\/\/manyetiktablafiyatlari.com\/wp-content\/uploads\/2024\/12\/Ekran-goruntusu-2024-12-12-141421.png\" class=\"attachment-full size-full wp-image-336\" alt=\"\" srcset=\"https:\/\/manyetiktablafiyatlari.com\/wp-content\/uploads\/2024\/12\/Ekran-goruntusu-2024-12-12-141421.png 357w, https:\/\/manyetiktablafiyatlari.com\/wp-content\/uploads\/2024\/12\/Ekran-goruntusu-2024-12-12-141421-215x300.png 215w\" sizes=\"(max-width: 357px) 100vw, 357px\" \/>\t\t\t\t\t\t\t\t\t\t\t\t\t\t\t<\/div>\n\t\t\t\t<\/div>\n\t\t\t\t\t<\/div>\n\t\t\t\t<\/div>\n\t\t\t\t<\/div>\n\t\t","protected":false},"excerpt":{"rendered":"<p>Manyetik Tabla 2013 y\u0131l\u0131nda kurulmu\u015f olan Linear Motor Systems, alan\u0131nda uzman m\u00fchendis kadrosu ve sundu\u011fu ileri teknoloji \u00fcr\u00fcnlerle m\u00fc\u015fterilerine g\u00fcvenilir \u00e7\u00f6z\u00fcmler ve kesintisiz teknik destek sa\u011flamaktad\u0131r. 2016 y\u0131l\u0131ndan itibaren ise manyetik h\u0131zl\u0131 kal\u0131p ve par\u00e7a de\u011fi\u015ftirme sistemlerinin \u00fcretimini ger\u00e7ekle\u015ftirmekte olup, teknik servis ve destek hizmetleriyle de fark yaratmaktad\u0131r. Hakk\u0131m\u0131zda LM Systems olarak, lineer motor sistemleri &hellip; <\/p>\n<p class=\"link-more\"><a href=\"https:\/\/manyetiktablafiyatlari.com\/\" class=\"more-link\">Okumaya devam et<span class=\"screen-reader-text\"> &#8220;Anasayfa&#8221;<\/span><\/a><\/p>\n","protected":false},"author":1,"featured_media":0,"parent":0,"menu_order":0,"comment_status":"closed","ping_status":"closed","template":"elementor_header_footer","meta":{"_joinchat":[],"footnotes":""},"class_list":["post-19","page","type-page","status-publish","hentry","entry"],"_links":{"self":[{"href":"https:\/\/manyetiktablafiyatlari.com\/index.php?rest_route=\/wp\/v2\/pages\/19","targetHints":{"allow":["GET"]}}],"collection":[{"href":"https:\/\/manyetiktablafiyatlari.com\/index.php?rest_route=\/wp\/v2\/pages"}],"about":[{"href":"https:\/\/manyetiktablafiyatlari.com\/index.php?rest_route=\/wp\/v2\/types\/page"}],"author":[{"embeddable":true,"href":"https:\/\/manyetiktablafiyatlari.com\/index.php?rest_route=\/wp\/v2\/users\/1"}],"replies":[{"embeddable":true,"href":"https:\/\/manyetiktablafiyatlari.com\/index.php?rest_route=%2Fwp%2Fv2%2Fcomments&post=19"}],"version-history":[{"count":166,"href":"https:\/\/manyetiktablafiyatlari.com\/index.php?rest_route=\/wp\/v2\/pages\/19\/revisions"}],"predecessor-version":[{"id":392,"href":"https:\/\/manyetiktablafiyatlari.com\/index.php?rest_route=\/wp\/v2\/pages\/19\/revisions\/392"}],"wp:attachment":[{"href":"https:\/\/manyetiktablafiyatlari.com\/index.php?rest_route=%2Fwp%2Fv2%2Fmedia&parent=19"}],"curies":[{"name":"wp","href":"https:\/\/api.w.org\/{rel}","templated":true}]}}